{"id":1371,"date":"2023-02-03T12:26:54","date_gmt":"2023-02-03T12:26:54","guid":{"rendered":"https:\/\/srmadeira.oet.pt\/wordpress\/?page_id=1371"},"modified":"2023-02-03T14:40:00","modified_gmt":"2023-02-03T14:40:00","slug":"procedimento-de-inscricao","status":"publish","type":"page","link":"https:\/\/srmadeira.oet.pt\/wordpress\/procedimento-de-inscricao\/","title":{"rendered":"Procedimento de Inscri\u00e7\u00e3o"},"content":{"rendered":"\n<div class=\"wp-block-uagb-advanced-heading uagb-block-abfef58f\"><h4 class=\"uagb-heading-text\"><strong>Inscri\u00e7\u00e3o como Membro Estudante<\/strong><\/h4><\/div>\n\n\n\n<p>Para a inscri\u00e7\u00e3o nesta modalidade o candidato deve apresentar numa sec\u00e7\u00e3o regional os seguintes documentos:<\/p>\n\n\n\n<ul class=\"wp-block-list\">\n<li><a href=\"http:\/\/sracores.oet.pt\/wp-content\/uploads\/2018\/08\/BoletimInscrOET.pdf\" target=\"_blank\" rel=\"noreferrer noopener\">Boletim de inscri\u00e7\u00e3o na OET<\/a>&nbsp;(assinado pelo pr\u00f3prio e com data atualizada)<\/li>\n\n\n\n<li>Documento comprovativo da matr\u00edcula, no ano letivo em curso (o ano letivo decorre de Outubro a Setembro)<\/li>\n\n\n\n<li>Entrega do&nbsp;<a href=\"http:\/\/sracores.oet.pt\/wp-content\/uploads\/2018\/08\/Boletim_Identificacao_Pessoal.docx\" target=\"_blank\" rel=\"noreferrer noopener\">Boletim de Identifica\u00e7\u00e3o Pessoal<\/a>, devidamente preenchido, que ser\u00e1 visado e confirmado presencialmente por um funcion\u00e1rio da OET com a apresenta\u00e7\u00e3o presencial do Cart\u00e3o de Cidad\u00e3o (ou, em alternativa, do Bilhete de Identidade e do Cart\u00e3o de Contribuinte). No caso do processo de inscri\u00e7\u00e3o ser remetido por correio, o Boletim de Identifica\u00e7\u00e3o Pessoal dever\u00e1 ser apresentado com termo de autentica\u00e7\u00e3o (Advogado, Not\u00e1rio, Solicitador).<\/li>\n\n\n\n<li>1 Foto (tipo passe)<\/li>\n\n\n\n<li><a href=\"http:\/\/sracores.oet.pt\/wp-content\/uploads\/2018\/08\/Autorizacao_Cedencia_Morada.pdf\" target=\"_blank\" rel=\"noreferrer noopener\">Autoriza\u00e7\u00e3o para ced\u00eancia do nome e endere\u00e7o a entidades externas<\/a><\/li>\n\n\n\n<li><a href=\"http:\/\/sracores.oet.pt\/wp-content\/uploads\/2018\/08\/Boletim_Transicao_OET.pdf\" target=\"_blank\" rel=\"noreferrer noopener\">Boletim de Transi\u00e7\u00e3o para membro estagi\u00e1rio<\/a>&nbsp;(aquando da conclus\u00e3o do curso)<\/li>\n<\/ul>\n\n\n\n<div class=\"wp-block-uagb-advanced-heading uagb-block-0b5d83c8\"><h4 class=\"uagb-heading-text\">Inscri\u00e7\u00e3o para Membro Estagi\u00e1rio \u2013 Modalidade Formal (nos termos do n\u00ba 1 do art.\u00ba 5\u00ba)<\/h4><\/div>\n\n\n\n<p>Diplomados por um curso de bacharelato, licenciatura pr\u00e9 ou p\u00f3s-Bolonha, mestrado integrado, mestrado ou doutoramento, numa \u00e1rea de engenharia realizado em Portugal, registado na Dire\u00e7\u00e3o-Geral do Ensino Superior (DGES), tendo em conta os requisitos gerais de acesso ao Index de cursos da FEANI (EEED \u2014 European Engineering Education Database).<\/p>\n\n\n\n<p>Para a inscri\u00e7\u00e3o nesta modalidade o candidato deve apresentar numa sec\u00e7\u00e3o regional os seguintes documentos:<\/p>\n\n\n\n<ul class=\"wp-block-list\">\n<li><a href=\"http:\/\/sracores.oet.pt\/wp-content\/uploads\/2018\/08\/BoletimInscrOET.pdf\" target=\"_blank\" rel=\"noreferrer noopener\">Boletim de inscri\u00e7\u00e3o na OET<\/a>&nbsp;(assinado pelo pr\u00f3prio e com data atualizada)<\/li>\n\n\n\n<li>Certificado de Habilita\u00e7\u00f5es, com data de conclus\u00e3o, m\u00e9dia final de curso e unidades curriculares discriminadas (original ou c\u00f3pia autenticada)<\/li>\n\n\n\n<li><a href=\"http:\/\/sracores.oet.pt\/wp-content\/uploads\/2018\/08\/Autorizacao_Cedencia_Morada.pdf\" target=\"_blank\" rel=\"noreferrer noopener\">Boletim de autoriza\u00e7\u00e3o de ced\u00eancia de morada<\/a>&nbsp;(assinado pelo pr\u00f3prio e com data atualizada)<\/li>\n\n\n\n<li><a href=\"http:\/\/sracores.oet.pt\/wp-content\/uploads\/2022\/02\/Boletim-de-autorizacao-de-transferencia-bancaria.pdf\" target=\"_blank\" rel=\"noreferrer noopener\">Boletim de autoriza\u00e7\u00e3o de transfer\u00eancia banc\u00e1ria<\/a>, se optar por esta modalidade de pagamento das quotas (assinado pelo pr\u00f3prio e com data atualizada), acompanhado de comprovativo de IBAN<\/li>\n\n\n\n<li><a href=\"http:\/\/sracores.oet.pt\/wp-content\/uploads\/2022\/10\/MODELO-A.pdf\" target=\"_blank\" rel=\"noreferrer noopener\">Requerimento de est\u00e1gio para Engenheiro T\u00e9cnico<\/a>&nbsp;(assinado pelo pr\u00f3prio e com data atualizada)<\/li>\n\n\n\n<li>Entrega do&nbsp;<a href=\"http:\/\/sracores.oet.pt\/wp-content\/uploads\/2018\/08\/Boletim_Identificacao_Pessoal.docx\" target=\"_blank\" rel=\"noreferrer noopener\">Boletim de Identifica\u00e7\u00e3o Pessoal<\/a>, devidamente preenchido, que ser\u00e1 visado e confirmado presencialmente por um funcion\u00e1rio da OET com a apresenta\u00e7\u00e3o presencial do Cart\u00e3o de Cidad\u00e3o (ou, em alternativa, do Bilhete de Identidade e do Cart\u00e3o de Contribuinte).&nbsp;No caso do processo de inscri\u00e7\u00e3o ser remetido por correio, o Boletim de Identifica\u00e7\u00e3o Pessoal dever\u00e1 ser apresentado com termo de autentica\u00e7\u00e3o (Advogado, Not\u00e1rio, Solicitador).<\/li>\n\n\n\n<li>1 Foto (tipo passe)<\/li>\n\n\n\n<li><a href=\"http:\/\/sracores.oet.pt\/wp-content\/uploads\/2018\/08\/Etica_DeontologiaOET.pdf\" target=\"_blank\" rel=\"noreferrer noopener\">Ficha de inscri\u00e7\u00e3o no m\u00f3dulo de \u00c9tica e Deontologia Profissional<\/a><\/li>\n\n\n\n<li>\u20ac 150,00 \u2013 Valor da inscri\u00e7\u00e3o em est\u00e1gio na OET (exceto no caso de membro estudante que entregue o boletim de transi\u00e7\u00e3o at\u00e9 6 meses ap\u00f3s a conclus\u00e3o do curso \u2013 \u20ac 25,00)<\/li>\n<\/ul>\n\n\n\n<div class=\"wp-block-uagb-advanced-heading uagb-block-e481f140\"><h4 class=\"uagb-heading-text\">Inscri\u00e7\u00e3o para Membro Estagi\u00e1rio \u2013 Modalidade Formal (nos termos do n\u00ba 2 do art.\u00ba 5\u00ba)<\/h4><\/div>\n\n\n\n<p>Diplomados por um curso de licenciatura pr\u00e9 ou p\u00f3s-Bolonha, mestrado integrado, mestrado ou doutoramento, realizado em Portugal, registado na DGES, que a OET, nos termos do artigo 6.\u00ba do Regulamento de Registo e Inscri\u00e7\u00e3o na OET, considera como conferindo qualifica\u00e7\u00f5es profissionais equiparadas \u00e0s de um curso de Engenharia de uma especialidade.<\/p>\n\n\n\n<p>Para a inscri\u00e7\u00e3o nesta modalidade o candidato deve apresentar numa sec\u00e7\u00e3o regional os seguintes documentos:<\/p>\n\n\n\n<ul class=\"wp-block-list\">\n<li><a href=\"http:\/\/sracores.oet.pt\/wp-content\/uploads\/2018\/08\/BoletimInscrOET.pdf\" target=\"_blank\" rel=\"noreferrer noopener\">Boletim de inscri\u00e7\u00e3o na OET<\/a>&nbsp;(assinado pelo pr\u00f3prio e com data atualizada)<\/li>\n\n\n\n<li>Certificado de Habilita\u00e7\u00f5es, com data de conclus\u00e3o, m\u00e9dia final de curso e unidades curriculares discriminadas (original ou c\u00f3pia autenticada)<\/li>\n\n\n\n<li><a href=\"http:\/\/sracores.oet.pt\/wp-content\/uploads\/2018\/08\/Autorizacao_Cedencia_Morada.pdf\" target=\"_blank\" rel=\"noreferrer noopener\">Boletim de autoriza\u00e7\u00e3o de ced\u00eancia de morada<\/a>&nbsp;(assinado pelo pr\u00f3prio e com data atualizada)<\/li>\n\n\n\n<li><a href=\"http:\/\/sracores.oet.pt\/wp-content\/uploads\/2022\/02\/Boletim-de-autorizacao-de-transferencia-bancaria.pdf\" target=\"_blank\" rel=\"noreferrer noopener\">Boletim de autoriza\u00e7\u00e3o de transfer\u00eancia banc\u00e1ria<\/a>, se optar por esta modalidade de pagamento das quotas (assinado pelo pr\u00f3prio e com data atualizada), acompanhado de comprovativo de IBAN<\/li>\n\n\n\n<li><a href=\"http:\/\/sracores.oet.pt\/wp-content\/uploads\/2022\/10\/MODELO-B.pdf\" target=\"_blank\" rel=\"noreferrer noopener\">Requerimento de est\u00e1gio para Engenheiro T\u00e9cnico<\/a>&nbsp;(assinado pelo pr\u00f3prio e com data atualizada)<\/li>\n\n\n\n<li>Entrega do&nbsp;<a href=\"http:\/\/sracores.oet.pt\/wp-content\/uploads\/2018\/08\/Boletim_Identificacao_Pessoal.docx\" target=\"_blank\" rel=\"noreferrer noopener\">Boletim de Identifica\u00e7\u00e3o Pessoal<\/a>, devidamente preenchido, que ser\u00e1 visado e confirmado presencialmente por um funcion\u00e1rio da OET com a apresenta\u00e7\u00e3o presencial do Cart\u00e3o de Cidad\u00e3o (ou, em alternativa, do Bilhete de Identidade e do Cart\u00e3o de Contribuinte).&nbsp;No caso do processo de inscri\u00e7\u00e3o ser remetido por correio, o Boletim de Identifica\u00e7\u00e3o Pessoal dever\u00e1 ser apresentado com termo de autentica\u00e7\u00e3o (Advogado, Not\u00e1rio, Solicitador).<\/li>\n\n\n\n<li>1 Foto (tipo passe)<\/li>\n\n\n\n<li><a href=\"http:\/\/sracores.oet.pt\/wp-content\/uploads\/2018\/08\/Plano_Estagio.doc\" target=\"_blank\" rel=\"noreferrer noopener\">Plano de Est\u00e1gio<\/a>&nbsp;(assinado pelo pr\u00f3prio e pelo Patrono, com data atualizada)<\/li>\n\n\n\n<li><a href=\"http:\/\/sracores.oet.pt\/wp-content\/uploads\/2018\/08\/Declaracao_Entidade_Acolhimento_OET.doc\" target=\"_blank\" rel=\"noreferrer noopener\">Declara\u00e7\u00e3o da Entidade de Acolhimento<\/a>&nbsp;(em papel timbrado e com data atualizada)<\/li>\n\n\n\n<li><a href=\"http:\/\/sracores.oet.pt\/wp-content\/uploads\/2018\/08\/Declaracao_Patrono_Formal.doc\" target=\"_blank\" rel=\"noreferrer noopener\">Declara\u00e7\u00e3o do Patrono<\/a>&nbsp;(assinado pelo Patrono e com data atualizada)<\/li>\n\n\n\n<li><a href=\"http:\/\/sracores.oet.pt\/wp-content\/uploads\/2018\/08\/Etica_DeontologiaOET.pdf\" target=\"_blank\" rel=\"noreferrer noopener\">Ficha de inscri\u00e7\u00e3o no m\u00f3dulo de \u00c9tica e Deontologia Profissional<\/a><\/li>\n\n\n\n<li>\u20ac 150,00 \u2013 Valor da j\u00f3ia de inscri\u00e7\u00e3o na OET (exceto no caso de membro estudante que entregue o boletim de transi\u00e7\u00e3o at\u00e9 6 meses ap\u00f3s a conclus\u00e3o do curso \u2013 \u20ac 25,00)<\/li>\n\n\n\n<li><a href=\"http:\/\/sracores.oet.pt\/wp-content\/uploads\/2021\/11\/Declaracao-de-Compromisso.pdf\" target=\"_blank\" rel=\"noreferrer noopener\">Declara\u00e7\u00e3o de Compromisso<\/a><\/li>\n\n\n\n<li>Pedido de Registo Individual de curso, anexando o plano curricular do curso suportado em documentos que permitam a an\u00e1lise (Suplemento ao Diploma, Programas das disciplinas)<\/li>\n<\/ul>\n\n\n\n<div class=\"wp-block-uagb-advanced-heading uagb-block-8fc002c9\"><h4 class=\"uagb-heading-text\">Inscri\u00e7\u00e3o para Membro Estagi\u00e1rio \u2013 Modalidade Formal (nos termos do n\u00ba 3 do art.\u00ba 5\u00ba)<\/h4><\/div>\n\n\n\n<p>Diplomados com o grau de licenciado em Ci\u00eancias de Engenharia de um par escola\/ciclo de estudos de mestrado integrado, registado na DGES.<\/p>\n\n\n\n<p>Para a inscri\u00e7\u00e3o nesta modalidade o candidato deve apresentar numa sec\u00e7\u00e3o regional os seguintes documentos:<\/p>\n\n\n\n<ul class=\"wp-block-list\">\n<li><a href=\"http:\/\/sracores.oet.pt\/wp-content\/uploads\/2018\/08\/BoletimInscrOET.pdf\" target=\"_blank\" rel=\"noreferrer noopener\">Boletim de inscri\u00e7\u00e3o na OET<\/a>&nbsp;(assinado pelo pr\u00f3prio e com data atualizada)<\/li>\n\n\n\n<li>Certificado de Habilita\u00e7\u00f5es, com data de conclus\u00e3o, m\u00e9dia final de curso e unidades curriculares discriminadas (original ou c\u00f3pia autenticada)<\/li>\n\n\n\n<li><a href=\"http:\/\/sracores.oet.pt\/wp-content\/uploads\/2018\/08\/Autorizacao_Cedencia_Morada.pdf\" target=\"_blank\" rel=\"noreferrer noopener\">Boletim de autoriza\u00e7\u00e3o de ced\u00eancia de morada<\/a>&nbsp;(assinado pelo pr\u00f3prio e com data atualizada)<\/li>\n\n\n\n<li><a href=\"http:\/\/sracores.oet.pt\/wp-content\/uploads\/2022\/02\/Boletim-de-autorizacao-de-transferencia-bancaria.pdf\" target=\"_blank\" rel=\"noreferrer noopener\">Boletim de autoriza\u00e7\u00e3o de transfer\u00eancia banc\u00e1ria<\/a>, se optar por esta modalidade de pagamento das quotas (assinado pelo pr\u00f3prio e com data atualizada), acompanhado de comprovativo de IBAN<\/li>\n\n\n\n<li><a href=\"http:\/\/sracores.oet.pt\/wp-content\/uploads\/2022\/10\/MODELO-C.pdf\" target=\"_blank\" rel=\"noreferrer noopener\">Requerimento de est\u00e1gio para Engenheiro T\u00e9cnico<\/a>&nbsp;(assinado pelo pr\u00f3prio e com data atualizada)<\/li>\n\n\n\n<li>Entrega do&nbsp;<a href=\"http:\/\/sracores.oet.pt\/wp-content\/uploads\/2018\/08\/Boletim_Identificacao_Pessoal.docx\" target=\"_blank\" rel=\"noreferrer noopener\">Boletim de Identifica\u00e7\u00e3o Pessoal<\/a>, devidamente preenchido, que ser\u00e1 visado e confirmado presencialmente por um funcion\u00e1rio da OET com a apresenta\u00e7\u00e3o presencial do Cart\u00e3o de Cidad\u00e3o (ou, em alternativa, do Bilhete de Identidade e do Cart\u00e3o de Contribuinte).&nbsp;No caso do processo de inscri\u00e7\u00e3o ser remetido por correio, o Boletim de Identifica\u00e7\u00e3o Pessoal dever\u00e1 ser apresentado com termo de autentica\u00e7\u00e3o (Advogado, Not\u00e1rio, Solicitador).<\/li>\n\n\n\n<li>1 Foto (tipo passe)<\/li>\n\n\n\n<li><a href=\"http:\/\/sracores.oet.pt\/wp-content\/uploads\/2018\/08\/Plano_Estagio.doc\" target=\"_blank\" rel=\"noreferrer noopener\">Plano de Est\u00e1gio<\/a>&nbsp;(assinado pelo pr\u00f3prio e pelo Patrono, com data atualizada)<\/li>\n\n\n\n<li><a href=\"http:\/\/sracores.oet.pt\/wp-content\/uploads\/2018\/08\/Declaracao_Entidade_Acolhimento_OET.doc\" target=\"_blank\" rel=\"noreferrer noopener\">Declara\u00e7\u00e3o da Entidade de Acolhimento<\/a>&nbsp;(em papel timbrado e com data atualizada)<\/li>\n\n\n\n<li><a href=\"http:\/\/sracores.oet.pt\/wp-content\/uploads\/2018\/08\/Declaracao_Patrono_Formal.doc\" target=\"_blank\" rel=\"noreferrer noopener\">Declara\u00e7\u00e3o do Patrono<\/a>&nbsp;(assinado pelo Patrono e com data atualizada)<\/li>\n\n\n\n<li><a href=\"http:\/\/sracores.oet.pt\/wp-content\/uploads\/2018\/08\/Etica_DeontologiaOET.pdf\" target=\"_blank\" rel=\"noreferrer noopener\">Ficha de inscri\u00e7\u00e3o no m\u00f3dulo de \u00c9tica e Deontologia Profissional<\/a><\/li>\n\n\n\n<li>\u20ac 150,00 \u2013 Valor da j\u00f3ia de inscri\u00e7\u00e3o na OET (exceto no caso de membro estudante que entregue o boletim de transi\u00e7\u00e3o at\u00e9 6 meses ap\u00f3s a conclus\u00e3o do curso \u2013 \u20ac 25,00)<\/li>\n\n\n\n<li><a href=\"http:\/\/sracores.oet.pt\/wp-content\/uploads\/2021\/11\/Declaracao-de-Compromisso.pdf\" target=\"_blank\" rel=\"noreferrer noopener\">Declara\u00e7\u00e3o de Compromisso<\/a><\/li>\n\n\n\n<li>Pedido de Registo Individual de curso, anexando o plano curricular do curso suportado em documentos que permitam a an\u00e1lise (Suplemento ao Diploma, Programas das disciplinas)<\/li>\n<\/ul>\n\n\n\n<div class=\"wp-block-uagb-advanced-heading uagb-block-481c6a9b\"><h4 class=\"uagb-heading-text\">Inscri\u00e7\u00e3o para Membro Estagi\u00e1rio \u2013 Modalidade Curricular<\/h4><\/div>\n\n\n\n<p>Diplomados em Engenharia, com mais de 5 anos de exerc\u00edcio da profiss\u00e3o.<\/p>\n\n\n\n<p>Para a inscri\u00e7\u00e3o nesta modalidade o candidato deve apresentar numa sec\u00e7\u00e3o regional os seguintes documentos:<\/p>\n\n\n\n<ul class=\"wp-block-list\">\n<li><a href=\"http:\/\/sracores.oet.pt\/wp-content\/uploads\/2018\/08\/BoletimInscrOET.pdf\" target=\"_blank\" rel=\"noreferrer noopener\">Boletim de inscri\u00e7\u00e3o na OET<\/a>&nbsp;(assinado pelo pr\u00f3prio e com data atualizada)<\/li>\n\n\n\n<li>Certificado de habilita\u00e7\u00f5es acad\u00e9micas, com as unidades curriculares descriminadas, data de conclus\u00e3o e m\u00e9dia final (original ou c\u00f3pia autenticada)<\/li>\n\n\n\n<li><a href=\"http:\/\/sracores.oet.pt\/wp-content\/uploads\/2018\/08\/Autorizacao_Cedencia_Morada.pdf\" target=\"_blank\" rel=\"noreferrer noopener\">Boletim de autoriza\u00e7\u00e3o de ced\u00eancia de morada<\/a>&nbsp;(assinado pelo pr\u00f3prio e com data atualizada)<\/li>\n\n\n\n<li><a href=\"http:\/\/sracores.oet.pt\/wp-content\/uploads\/2022\/02\/Boletim-de-autorizacao-de-transferencia-bancaria.pdf\" target=\"_blank\" rel=\"noreferrer noopener\">Boletim de autoriza\u00e7\u00e3o de transfer\u00eancia banc\u00e1ria<\/a>, se optar por esta modalidade de pagamento das quotas (assinado pelo pr\u00f3prio e com data atualizada), acompanhado de comprovativo de IBAN<\/li>\n\n\n\n<li><a href=\"http:\/\/sracores.oet.pt\/wp-content\/uploads\/2022\/10\/MODELO-G.pdf\" target=\"_blank\" rel=\"noreferrer noopener\">Requerimento de est\u00e1gio para Engenheiro T\u00e9cnico<\/a>&nbsp;(assinado pelo pr\u00f3prio e com data atualizada)<\/li>\n\n\n\n<li>Entrega do&nbsp;<a href=\"http:\/\/sracores.oet.pt\/wp-content\/uploads\/2018\/08\/Boletim_Identificacao_Pessoal.docx\" target=\"_blank\" rel=\"noreferrer noopener\">Boletim de Identifica\u00e7\u00e3o Pessoal<\/a>, devidamente preenchido, que ser\u00e1 visado e confirmado presencialmente por um funcion\u00e1rio da OET com a apresenta\u00e7\u00e3o presencial do Cart\u00e3o de Cidad\u00e3o (ou, em alternativa, do Bilhete de Identidade e do Cart\u00e3o de Contribuinte).&nbsp;No caso do processo de inscri\u00e7\u00e3o ser remetido por correio, o Boletim de Identifica\u00e7\u00e3o Pessoal dever\u00e1 ser apresentado com termo de autentica\u00e7\u00e3o (Advogado, Not\u00e1rio, Solicitador).<\/li>\n\n\n\n<li>1 Foto (tipo passe)<\/li>\n\n\n\n<li>Curr\u00edculo Profissional na \u00e1rea de engenharia<\/li>\n\n\n\n<li>Declara\u00e7\u00f5es comprovativas da experi\u00eancia profissional mencionada no curr\u00edculo (originais)<\/li>\n\n\n\n<li><a href=\"http:\/\/sracores.oet.pt\/wp-content\/uploads\/2018\/08\/Declaracao_Patrono_Curricular.doc\" target=\"_blank\" rel=\"noreferrer noopener\">Declara\u00e7\u00e3o do Patrono<\/a>&nbsp;(assinado pelo Patrono e com data atualizada)<\/li>\n\n\n\n<li>\u20ac 250,00 \u2013 Valor da Audi\u00e7\u00e3o (experi\u00eancia superior a 5 anos)<\/li>\n\n\n\n<li><a href=\"http:\/\/sracores.oet.pt\/wp-content\/uploads\/2018\/08\/Requerimento_para_audicao.doc\" target=\"_blank\" rel=\"noreferrer noopener\">Requerimento de audi\u00e7\u00e3o para redu\u00e7\u00e3o \/ dispensa do per\u00edodo de est\u00e1gio<\/a>&nbsp;(conforme artigo 13\u00ba do Regulamento de Est\u00e1gio)<\/li>\n<\/ul>\n","protected":false},"excerpt":{"rendered":"<p>Inscri\u00e7\u00e3o como Membro Estudante Para a inscri\u00e7\u00e3o nesta modalidade o candidato deve apresentar numa sec\u00e7\u00e3o regional os seguintes documentos: Inscri\u00e7\u00e3o para Membro Estagi\u00e1rio \u2013 Modalidade Formal (nos termos do n\u00ba 1 do art.\u00ba 5\u00ba) Diplomados por um curso de bacharelato, licenciatura pr\u00e9 ou p\u00f3s-Bolonha, mestrado integrado, mestrado ou doutoramento, numa \u00e1rea de engenharia realizado em &hellip;<\/p>\n<p class=\"read-more\"> <a class=\"\" href=\"https:\/\/srmadeira.oet.pt\/wordpress\/procedimento-de-inscricao\/\"> <span class=\"screen-reader-text\">Procedimento de Inscri\u00e7\u00e3o<\/span> Read More &raquo;<\/a><\/p>\n","protected":false},"author":1,"featured_media":0,"parent":0,"menu_order":0,"comment_status":"closed","ping_status":"closed","template":"","meta":{"_uag_custom_page_level_css":"","site-sidebar-layout":"default","site-content-layout":"default","ast-global-header-display":"","ast-main-header-display":"","ast-hfb-above-header-display":"","ast-hfb-below-header-display":"","ast-hfb-mobile-header-display":"","site-post-title":"","ast-breadcrumbs-content":"","ast-featured-img":"","footer-sml-layout":"","theme-transparent-header-meta":"","adv-header-id-meta":"","stick-header-meta":"","header-above-stick-meta":"","header-main-stick-meta":"","header-below-stick-meta":"","ngg_post_thumbnail":0,"footnotes":""},"class_list":["post-1371","page","type-page","status-publish","hentry"],"uagb_featured_image_src":{"full":false,"thumbnail":false,"medium":false,"medium_large":false,"large":false,"1536x1536":false,"2048x2048":false},"uagb_author_info":{"display_name":"oetsrm_admin","author_link":"https:\/\/srmadeira.oet.pt\/wordpress\/author\/oetsrm_admin\/"},"uagb_comment_info":0,"uagb_excerpt":"Inscri\u00e7\u00e3o como Membro Estudante Para a inscri\u00e7\u00e3o nesta modalidade o candidato deve apresentar numa sec\u00e7\u00e3o regional os seguintes documentos: Inscri\u00e7\u00e3o para Membro Estagi\u00e1rio \u2013 Modalidade Formal (nos termos do n\u00ba 1 do art.\u00ba 5\u00ba) Diplomados por um curso de bacharelato, licenciatura pr\u00e9 ou p\u00f3s-Bolonha, mestrado integrado, mestrado ou doutoramento, numa \u00e1rea de engenharia realizado em&hellip;","_links":{"self":[{"href":"https:\/\/srmadeira.oet.pt\/wordpress\/wp-json\/wp\/v2\/pages\/1371","targetHints":{"allow":["GET"]}}],"collection":[{"href":"https:\/\/srmadeira.oet.pt\/wordpress\/wp-json\/wp\/v2\/pages"}],"about":[{"href":"https:\/\/srmadeira.oet.pt\/wordpress\/wp-json\/wp\/v2\/types\/page"}],"author":[{"embeddable":true,"href":"https:\/\/srmadeira.oet.pt\/wordpress\/wp-json\/wp\/v2\/users\/1"}],"replies":[{"embeddable":true,"href":"https:\/\/srmadeira.oet.pt\/wordpress\/wp-json\/wp\/v2\/comments?post=1371"}],"version-history":[{"count":4,"href":"https:\/\/srmadeira.oet.pt\/wordpress\/wp-json\/wp\/v2\/pages\/1371\/revisions"}],"predecessor-version":[{"id":1393,"href":"https:\/\/srmadeira.oet.pt\/wordpress\/wp-json\/wp\/v2\/pages\/1371\/revisions\/1393"}],"wp:attachment":[{"href":"https:\/\/srmadeira.oet.pt\/wordpress\/wp-json\/wp\/v2\/media?parent=1371"}],"curies":[{"name":"wp","href":"https:\/\/api.w.org\/{rel}","templated":true}]}}