{"id":1413,"date":"2023-02-03T16:36:47","date_gmt":"2023-02-03T16:36:47","guid":{"rendered":"https:\/\/srmadeira.oet.pt\/wordpress\/?page_id=1413"},"modified":"2023-02-08T10:36:36","modified_gmt":"2023-02-08T10:36:36","slug":"formulario","status":"publish","type":"page","link":"https:\/\/srmadeira.oet.pt\/wordpress\/formulario\/","title":{"rendered":"Formul\u00e1rio"},"content":{"rendered":"\n<figure class=\"wp-block-image alignwide size-full is-style-default\"><img loading=\"lazy\" decoding=\"async\" width=\"1044\" height=\"686\" src=\"https:\/\/srmadeira.oet.pt\/wordpress\/wp-content\/uploads\/2023\/02\/mistura1.jpg\" alt=\"\" class=\"wp-image-1433\" srcset=\"https:\/\/srmadeira.oet.pt\/wordpress\/wp-content\/uploads\/2023\/02\/mistura1.jpg 1044w, https:\/\/srmadeira.oet.pt\/wordpress\/wp-content\/uploads\/2023\/02\/mistura1-300x197.jpg 300w, https:\/\/srmadeira.oet.pt\/wordpress\/wp-content\/uploads\/2023\/02\/mistura1-1024x673.jpg 1024w, https:\/\/srmadeira.oet.pt\/wordpress\/wp-content\/uploads\/2023\/02\/mistura1-768x505.jpg 768w\" sizes=\"auto, (max-width: 1044px) 100vw, 1044px\" \/><\/figure>\n\n\n\n<p class=\"has-ast-global-color-7-background-color has-background has-medium-font-size\"><strong>Pedido de Informa\u00e7\u00f5es, Envio de Sugest\u00f5es <\/strong><\/p>\n\n\n\n<div class=\"wp-block-uagb-forms uagb-forms__outer-wrap uagb-block-ded7b222 uagb-forms__medium-btn\"><form class=\"uagb-forms-main-form\" method=\"post\" autocomplete=\"on\" name=\"uagb-form-ded7b222\">\n<div class=\"wp-block-uagb-forms-name uagb-forms-name-wrap uagb-forms-field-set uagb-block-921a8ac9\"><div class=\"uagb-forms-name-label required uagb-forms-input-label\" id=\"921a8ac9\">Primeiro Nome<\/div><input type=\"text\" placeholder=\"Manuel\" required class=\"uagb-forms-name-input uagb-forms-input\" name=\"921a8ac9\" autocomplete=\"given-name\"\/><\/div>\n\n\n\n<div class=\"wp-block-uagb-forms-name uagb-forms-name-wrap uagb-forms-field-set uagb-block-d452379b\"><div class=\"uagb-forms-name-label required uagb-forms-input-label\" id=\"d452379b\">\u00daltimo Nome<\/div><input type=\"text\" placeholder=\"Silva\" required class=\"uagb-forms-name-input uagb-forms-input\" name=\"d452379b\" autocomplete=\"family-name\"\/><\/div>\n\n\n\n<div class=\"wp-block-uagb-forms-email uagb-forms-email-wrap uagb-forms-field-set uagb-block-1d584f2c\"><div class=\"uagb-forms-email-label required uagb-forms-input-label\" id=\"1d584f2c\">Email<\/div><input type=\"email\" class=\"uagb-forms-email-input uagb-forms-input\" placeholder=\"exemplo@mail.com\" required name=\"1d584f2c\" autocomplete=\"email\"\/><\/div>\n\n\n\n<div class=\"wp-block-uagb-forms-textarea uagb-forms-textarea-wrap uagb-forms-field-set uagb-block-4f9f73d3\"><div class=\"uagb-forms-textarea-label required uagb-forms-input-label\" id=\"4f9f73d3\">Menssagem<\/div><textarea required class=\"uagb-forms-textarea-input uagb-forms-input\" rows=\"4\" placeholder=\"Escreva a sua mensagem\" name=\"4f9f73d3\" autocomplete=\"off\"><\/textarea><\/div>\n<div class=\"uagb-forms-form-hidden-data\"><input type=\"hidden\" id=\"g-recaptcha-response\" class=\"uagb-forms-recaptcha\"\/><input type=\"hidden\" class=\"uagb_forms_form_label\" value=\"Spectra Form\"\/><input type=\"hidden\" class=\"uagb_forms_form_id\" value=\"uagb-form-ded7b222\"\/><\/div><div class=\"g-recaptcha uagb-forms-field-set\" data-sitekey=\"\"><\/div><div class=\"uagb-form-reacaptcha-error-ded7b222\"><\/div><div class=\"uagb-forms-main-submit-button-wrap wp-block-button\"><button class=\"uagb-forms-main-submit-button wp-block-button__link\"><div class=\"uagb-forms-main-submit-button-text\">Submit<\/div><\/button><\/div><\/form><div class=\"uagb-forms-success-message-ded7b222 uagb-forms-submit-message-hide\"><span>Formul\u00e1rio Submetido!<\/span><\/div><div class=\"uagb-forms-failed-message-ded7b222 uagb-forms-submit-message-hide\"><span>Ocorreu um erro ao enviar o formul\u00e1rio. Verifique todos os campos do formul\u00e1rio e submeta novamente.<\/span><\/div><\/div>\n","protected":false},"excerpt":{"rendered":"<p>Pedido de Informa\u00e7\u00f5es, Envio de Sugest\u00f5es<\/p>\n","protected":false},"author":1,"featured_media":0,"parent":0,"menu_order":0,"comment_status":"closed","ping_status":"closed","template":"","meta":{"_uag_custom_page_level_css":"","site-sidebar-layout":"default","site-content-layout":"default","ast-global-header-display":"","ast-main-header-display":"","ast-hfb-above-header-display":"","ast-hfb-below-header-display":"","ast-hfb-mobile-header-display":"","site-post-title":"disabled","ast-breadcrumbs-content":"","ast-featured-img":"","footer-sml-layout":"","theme-transparent-header-meta":"","adv-header-id-meta":"","stick-header-meta":"","header-above-stick-meta":"","header-main-stick-meta":"","header-below-stick-meta":"","ngg_post_thumbnail":0,"footnotes":""},"class_list":["post-1413","page","type-page","status-publish","hentry"],"uagb_featured_image_src":{"full":false,"thumbnail":false,"medium":false,"medium_large":false,"large":false,"1536x1536":false,"2048x2048":false},"uagb_author_info":{"display_name":"oetsrm_admin","author_link":"https:\/\/srmadeira.oet.pt\/wordpress\/author\/oetsrm_admin\/"},"uagb_comment_info":0,"uagb_excerpt":"Pedido de Informa\u00e7\u00f5es, Envio de Sugest\u00f5es","_links":{"self":[{"href":"https:\/\/srmadeira.oet.pt\/wordpress\/wp-json\/wp\/v2\/pages\/1413","targetHints":{"allow":["GET"]}}],"collection":[{"href":"https:\/\/srmadeira.oet.pt\/wordpress\/wp-json\/wp\/v2\/pages"}],"about":[{"href":"https:\/\/srmadeira.oet.pt\/wordpress\/wp-json\/wp\/v2\/types\/page"}],"author":[{"embeddable":true,"href":"https:\/\/srmadeira.oet.pt\/wordpress\/wp-json\/wp\/v2\/users\/1"}],"replies":[{"embeddable":true,"href":"https:\/\/srmadeira.oet.pt\/wordpress\/wp-json\/wp\/v2\/comments?post=1413"}],"version-history":[{"count":13,"href":"https:\/\/srmadeira.oet.pt\/wordpress\/wp-json\/wp\/v2\/pages\/1413\/revisions"}],"predecessor-version":[{"id":1482,"href":"https:\/\/srmadeira.oet.pt\/wordpress\/wp-json\/wp\/v2\/pages\/1413\/revisions\/1482"}],"wp:attachment":[{"href":"https:\/\/srmadeira.oet.pt\/wordpress\/wp-json\/wp\/v2\/media?parent=1413"}],"curies":[{"name":"wp","href":"https:\/\/api.w.org\/{rel}","templated":true}]}}