{"id":49,"date":"2023-01-20T12:27:55","date_gmt":"2023-01-20T15:27:55","guid":{"rendered":"https:\/\/srmadeira.oet.pt\/wordpress\/?page_id=49"},"modified":"2023-02-07T16:04:35","modified_gmt":"2023-02-07T16:04:35","slug":"contatos-e-links","status":"publish","type":"page","link":"https:\/\/srmadeira.oet.pt\/wordpress\/contatos-e-links\/","title":{"rendered":"Onde Estamos, Contatos"},"content":{"rendered":"\t\t\t<div \n\t\t\tclass=\"wp-block-uagb-google-map uagb-google-map__wrap uagb-block-299401f6     \"\n\t\t\tstyle=\"\" >\n\t\t\t\t<embed\n\t\t\t\t\tclass=\"uagb-google-map__iframe\"\n\t\t\t\t\ttitle=\"Google Map for \"\n\t\t\t\t\tsrc=\"https:\/\/maps.google.com\/maps?q=Rua%20da%20Carreira%2C%2099&#038;z=17&#038;hl=pt&#038;t=m&#038;output=embed&#038;iwloc=near\"\n\t\t\t\t\twidth=\"640\"\n\t\t\t\t\theight=\"473\"\n\t\t\t\t\tloading=\"lazy\"\n\t\t\t\t><\/embed>\n\t\t\t<\/div>\n\t\t\t\n\n\n<div class=\"wp-block-uagb-advanced-heading uagb-block-96d67810\"><h4 class=\"uagb-heading-text\">Acesso \u00e0 sede da OET Lado Este e Oeste da Rua da Carreira<\/h4><\/div>\n\n\n\n<div class=\"wp-block-uagb-container uagb-block-ebdd1d79 alignfull uagb-is-root-container\"><div class=\"uagb-container-inner-blocks-wrap\">\n<div class=\"wp-block-uagb-container uagb-block-f48aaeb7\">\n<div class=\"wp-block-uagb-image uagb-block-28effcd4 wp-block-uagb-image--layout-default wp-block-uagb-image--effect-static wp-block-uagb-image--align-none\"><figure class=\"wp-block-uagb-image__figure\"><img decoding=\"async\" srcset=\"https:\/\/srmadeira.oet.pt\/wordpress\/wp-content\/uploads\/2023\/01\/carreirarua2-1024x806.jpg \" src=\"https:\/\/srmadeira.oet.pt\/wordpress\/wp-content\/uploads\/2023\/01\/carreirarua2-1024x806.jpg\" alt=\"\" class=\"uag-image-447\" width=\"376\" height=\"350\" title=\"\" loading=\"lazy\"\/><\/figure><\/div>\n<\/div>\n\n\n\n<div class=\"wp-block-uagb-container uagb-block-ee061f06\">\n<div class=\"wp-block-uagb-image uagb-block-f320a151 wp-block-uagb-image--layout-default wp-block-uagb-image--effect-static wp-block-uagb-image--align-none\"><figure class=\"wp-block-uagb-image__figure\"><img decoding=\"async\" srcset=\"https:\/\/srmadeira.oet.pt\/wordpress\/wp-content\/uploads\/2023\/01\/frente.jpg \" src=\"https:\/\/srmadeira.oet.pt\/wordpress\/wp-content\/uploads\/2023\/01\/frente.jpg\" alt=\"\" class=\"uag-image-220\" width=\"\" height=\"\" title=\"\" loading=\"lazy\"\/><\/figure><\/div>\n<\/div>\n\n\n\n<div class=\"wp-block-uagb-container uagb-block-081e1523\">\n<div class=\"wp-block-uagb-image uagb-block-47828dcd wp-block-uagb-image--layout-default wp-block-uagb-image--effect-static wp-block-uagb-image--align-none\"><figure class=\"wp-block-uagb-image__figure\"><img decoding=\"async\" srcset=\"https:\/\/srmadeira.oet.pt\/wordpress\/wp-content\/uploads\/2023\/01\/carreirarua-1024x742.jpg \" src=\"https:\/\/srmadeira.oet.pt\/wordpress\/wp-content\/uploads\/2023\/01\/carreirarua-1024x742.jpg\" alt=\"\" class=\"uag-image-444\" width=\"376\" height=\"350\" title=\"\" loading=\"lazy\"\/><\/figure><\/div>\n<\/div>\n<\/div><\/div>\n\n\n\n<div class=\"wp-block-uagb-info-box uagb-block-0ac34383 uagb-infobox__content-wrap  uagb-infobox-icon-above-title uagb-infobox-image-valign-top\"><div class=\"uagb-ifb-content\"><div class=\"uagb-ifb-icon-wrap\"><svg xmlns=\"https:\/\/www.w3.org\/2000\/svg\" viewBox=\"0 0 576 512\"><path d=\"M512 32H64C28.65 32 0 60.65 0 96v320c0 35.35 28.65 64 64 64h448c35.35 0 64-28.65 64-64V96C576 60.65 547.3 32 512 32zM176 128c35.35 0 64 28.65 64 64s-28.65 64-64 64s-64-28.65-64-64S140.7 128 176 128zM272 384h-192C71.16 384 64 376.8 64 368C64 323.8 99.82 288 144 288h64c44.18 0 80 35.82 80 80C288 376.8 280.8 384 272 384zM496 320h-128C359.2 320 352 312.8 352 304S359.2 288 368 288h128C504.8 288 512 295.2 512 304S504.8 320 496 320zM496 256h-128C359.2 256 352 248.8 352 240S359.2 224 368 224h128C504.8 224 512 231.2 512 240S504.8 256 496 256zM496 192h-128C359.2 192 352 184.8 352 176S359.2 160 368 160h128C504.8 160 512 167.2 512 176S504.8 192 496 192z\"><\/path><\/svg><\/div><div class=\"uagb-ifb-title-wrap\"><h3 class=\"uagb-ifb-title\"><strong><a href=\"https:\/\/www.oet.pt\/portal\/index.php\/a-oet\/orgaos-da-oet\/seccoes-regionais\/seccao-regional-da-madeira\">Sec\u00e7\u00e3o Regional Madeira<\/a><\/strong><br>Rua da Carreira, 99    9000-042 FUNCHAL<br>T: 291 238 596<sup>&nbsp;<\/sup>  M: 962 954 459<sup>&nbsp;<\/sup>  Fx: 291 234 605<sup>&nbsp;<\/sup><br>&nbsp;E-Mail: <a href=\"mailto:srmadeira@oet.pt\">srmadeira@oet.pt<\/a><br>Hor\u00e1rio de funcionamento: 10:00 \u00e0s 19:00<br>&nbsp;Interrup\u00e7\u00e3o almo\u00e7o das 13:00 \u00e0s 15:00<br><a href=\"https:\/\/srmadeira.oet.pt\/\">https:\/\/srmadeira.oet.pt\/<\/a><\/h3><\/div><\/div><\/div>\n\n\n\n<div class=\"wp-block-uagb-advanced-heading uagb-block-d9fa0094\"><h4 class=\"uagb-heading-text\">Vistas panor\u00e2micas On-Line da cidade do&nbsp;<strong>Funchal<\/strong> &#8211; Portal Netmadeira<\/h4><\/div>\n\n\n\n<div class=\"wp-block-uagb-container uagb-block-406bc8d7 alignfull uagb-is-root-container\"><div class=\"uagb-container-inner-blocks-wrap\">\n<div class=\"wp-block-uagb-container uagb-block-8bdc6aa8\">\n<div class=\"wp-block-uagb-advanced-heading uagb-block-6ddc3238\"><h2 class=\"uagb-heading-text\">\n<div class=\"youtube-embed\" itemprop=\"video\" itemscope itemtype=\"https:\/\/schema.org\/VideoObject\">\n\t<meta itemprop=\"url\" content=\"https:\/\/www.youtube.com\/v\/VTryTbvj9sc\" \/>\n\t<meta itemprop=\"name\" content=\"Onde Estamos, Contatos\" \/>\n\t<meta itemprop=\"description\" content=\"Onde Estamos, Contatos\" \/>\n\t<meta itemprop=\"uploadDate\" content=\"2023-01-20T12:27:55+00:00\" \/>\n\t<meta itemprop=\"thumbnailUrl\" content=\"https:\/\/i.ytimg.com\/vi\/VTryTbvj9sc\/default.jpg\" \/>\n\t<meta itemprop=\"embedUrl\" content=\"https:\/\/www.youtube.com\/embed\/VTryTbvj9sc\" \/>\n\t<meta itemprop=\"height\" content=\"340\" \/>\n\t<meta itemprop=\"width\" content=\"560\" \/>\n\t<iframe loading=\"lazy\" style=\"border: 0;\" class=\"youtube-player\" width=\"560\" height=\"340\" src=\"https:\/\/www.youtube.com\/embed\/VTryTbvj9sc?loop=1&playlist=VTryTbvj9sc\" allowfullscreen><\/iframe>\n<\/div>\n<\/h2><\/div>\n<\/div>\n\n\n\n<div class=\"wp-block-uagb-container uagb-block-7e4f8de6\">\n<div class=\"wp-block-uagb-advanced-heading uagb-block-490dedbc\"><h2 class=\"uagb-heading-text\">\n<div class=\"youtube-embed\" itemprop=\"video\" itemscope itemtype=\"https:\/\/schema.org\/VideoObject\">\n\t<meta itemprop=\"url\" content=\"https:\/\/www.youtube.com\/v\/PLlx4fdSwmQ\" \/>\n\t<meta itemprop=\"name\" content=\"Onde Estamos, Contatos\" \/>\n\t<meta itemprop=\"description\" content=\"Onde Estamos, Contatos\" \/>\n\t<meta itemprop=\"uploadDate\" content=\"2023-01-20T12:27:55+00:00\" \/>\n\t<meta itemprop=\"thumbnailUrl\" content=\"https:\/\/i.ytimg.com\/vi\/PLlx4fdSwmQ\/default.jpg\" \/>\n\t<meta itemprop=\"embedUrl\" content=\"https:\/\/www.youtube.com\/embed\/PLlx4fdSwmQ\" \/>\n\t<meta itemprop=\"height\" content=\"340\" \/>\n\t<meta itemprop=\"width\" content=\"560\" \/>\n\t<iframe loading=\"lazy\" style=\"border: 0;\" class=\"youtube-player\" width=\"560\" height=\"340\" src=\"https:\/\/www.youtube.com\/embed\/PLlx4fdSwmQ?loop=1&playlist=PLlx4fdSwmQ\" allowfullscreen><\/iframe>\n<\/div>\n<\/h2><\/div>\n<\/div>\n\n\n\n<div class=\"wp-block-uagb-container uagb-block-c5d24363\">\n<div class=\"wp-block-uagb-advanced-heading uagb-block-383bca96\"><h2 class=\"uagb-heading-text\">\n<div class=\"youtube-embed\" itemprop=\"video\" itemscope itemtype=\"https:\/\/schema.org\/VideoObject\">\n\t<meta itemprop=\"url\" content=\"https:\/\/www.youtube.com\/v\/Ewde0BGZD3s\" \/>\n\t<meta itemprop=\"name\" content=\"Onde Estamos, Contatos\" \/>\n\t<meta itemprop=\"description\" content=\"Onde Estamos, Contatos\" \/>\n\t<meta itemprop=\"uploadDate\" content=\"2023-01-20T12:27:55+00:00\" \/>\n\t<meta itemprop=\"thumbnailUrl\" content=\"https:\/\/i.ytimg.com\/vi\/Ewde0BGZD3s\/default.jpg\" \/>\n\t<meta itemprop=\"embedUrl\" content=\"https:\/\/www.youtube.com\/embed\/Ewde0BGZD3s\" \/>\n\t<meta itemprop=\"height\" content=\"340\" \/>\n\t<meta itemprop=\"width\" content=\"560\" \/>\n\t<iframe loading=\"lazy\" style=\"border: 0;\" class=\"youtube-player\" width=\"560\" height=\"340\" src=\"https:\/\/www.youtube.com\/embed\/Ewde0BGZD3s?loop=1&playlist=Ewde0BGZD3s\" allowfullscreen><\/iframe>\n<\/div>\n<\/h2><\/div>\n<\/div>\n<\/div><\/div>\n\n\n\n<div class=\"wp-block-buttons is-content-justification-center is-layout-flex wp-container-core-buttons-is-layout-a89b3969 wp-block-buttons-is-layout-flex\"><\/div>\n\n\n\n<p class=\"has-text-align-center has-luminous-vivid-amber-background-color has-background has-medium-font-size\"><strong>Outros Contatos &#8211; Sec\u00e7\u00f5es Regionais<\/strong><\/p>\n\n\n\n<div class=\"wp-block-uagb-container uagb-block-590444c4 alignfull uagb-is-root-container\"><div class=\"uagb-container-inner-blocks-wrap\">\n<div class=\"wp-block-uagb-container uagb-block-54397c98\">\n<p class=\"has-ast-global-color-2-color has-ast-global-color-6-background-color has-text-color has-background\"><a rel=\"noreferrer noopener\" href=\"https:\/\/www.oet.pt\/portal\/\" target=\"_blank\"><strong>SEDE  da OET (https:\/\/www.oet.pt\/portal\/)<\/strong><br>Conselho Diretivo Nacional<br>Pra\u00e7a D. Jo\u00e3o da C\u00e2mara, 19<br>1200-147 Lisboa<br>T: 21 325 63 27\/8<br>F: 213 256 334<br>e-mail: cdn@oet.pt<\/a><\/p>\n\n\n\n<p class=\"has-ast-global-color-2-color has-ast-global-color-6-background-color has-text-color has-background\"><a rel=\"noreferrer noopener\" href=\"https:\/\/srnorte.oet.pt\" target=\"_blank\"><strong>Sec\u00e7\u00e3o Regional Norte https:\/\/srnorte.oet.pt<\/strong><br>Rua Pereira Reis, 429<br>4200-448 Porto<br>T: 223 395 030<br>F: 223 395 039<br>e-mail: srnorte@oet.pt<\/a><\/p>\n<\/div>\n\n\n\n<div class=\"wp-block-uagb-container uagb-block-07a0636d\">\n<p class=\"has-ast-global-color-2-color has-ast-global-color-6-background-color has-text-color has-background\"><a rel=\"noreferrer noopener\" href=\"https:\/\/www.srsul.oet.pt\" target=\"_blank\"><strong>Sec\u00e7\u00e3o Regional Sul https:\/\/www.srsul.oet.pt<\/strong><br>Pra\u00e7a D. Jo\u00e3o da C\u00e2mara, 19 &#8211; 1\u00ba Esq.<br>1200-147 Lisboa<br>T: 21 326 16 00<br>F: 213 261 609<br>e-mail: srsul@oet.pt<\/a><\/p>\n\n\n\n<p class=\"has-ast-global-color-2-color has-ast-global-color-6-background-color has-text-color has-background\"><a rel=\"noreferrer noopener\" href=\"https:\/\/sracores.oet.pt\" target=\"_blank\"><strong>Sec\u00e7\u00e3o Regional A\u00e7ores<\/strong>  <strong>https:\/\/sracores.oet.pt<\/strong><br>Rua Di\u00e1rio dos A\u00e7ores, n.\u00ba 43 \u2013 1.\u00ba andar<br>9500-178 Ponta Delgada<br>T: 296 286 050<br>F: 296 281 846<br>e-mail: sracores@oet.pt<\/a><\/p>\n<\/div>\n\n\n\n<div class=\"wp-block-uagb-container uagb-block-fc3a4975\">\n<p class=\"has-ast-global-color-2-color has-ast-global-color-6-background-color has-text-color has-background\"><a rel=\"noreferrer noopener\" href=\"http:\/\/www.srcentro.oet.pt\" target=\"_blank\"><strong>Sec\u00e7\u00e3o Regional Centro http:\/\/www.srcentro.oet.pt<\/strong><br>R. Infante D. Henrique, n.\u00ba 20<br>3000-220 Coimbra<br>T: 239 851 310<br>F: 239 851 319<br>e-mail: srcentro@oet.pt<\/a><\/p>\n\n\n\n<p class=\"has-ast-global-color-2-color has-ast-global-color-6-background-color has-text-color has-background\"><a rel=\"noreferrer noopener\" href=\"https:\/\/sracores.oet.pt\" target=\"_blank\"><strong>Delega\u00e7\u00e3o Regional da Sec\u00e7\u00e3o https:\/\/sracores.oet.pt<\/strong><br><strong>Regional dos A\u00e7ores na Ilha Terceira<\/strong><br>Rua de Baixo de S\u00e3o Pedro n\u00ba 35<br>9700-025 Angra do Hero\u00edsmo<\/a><\/p>\n<\/div>\n<\/div><\/div>\n\n\n\n<div class=\"wp-block-uagb-container uagb-block-10667b52 alignfull uagb-is-root-container\"><div class=\"uagb-container-inner-blocks-wrap\"><\/div><\/div>\n","protected":false},"excerpt":{"rendered":"<p>Acesso \u00e0 sede da OET Lado Este e Oeste da Rua da Carreira Vistas panor\u00e2micas On-Line da cidade do&nbsp;Funchal &#8211; Portal Netmadeira Outros Contatos &#8211; Sec\u00e7\u00f5es Regionais SEDE da OET (https:\/\/www.oet.pt\/portal\/)Conselho Diretivo NacionalPra\u00e7a D. Jo\u00e3o da C\u00e2mara, 191200-147 LisboaT: 21 325 63 27\/8F: 213 256 334e-mail: cdn@oet.pt Sec\u00e7\u00e3o Regional Norte https:\/\/srnorte.oet.ptRua Pereira Reis, 4294200-448 PortoT: &hellip;<\/p>\n<p class=\"read-more\"> <a class=\"\" href=\"https:\/\/srmadeira.oet.pt\/wordpress\/contatos-e-links\/\"> <span class=\"screen-reader-text\">Onde Estamos, Contatos<\/span> Read More &raquo;<\/a><\/p>\n","protected":false},"author":1,"featured_media":0,"parent":0,"menu_order":0,"comment_status":"closed","ping_status":"closed","template":"","meta":{"_uag_custom_page_level_css":"","site-sidebar-layout":"default","site-content-layout":"default","ast-global-header-display":"","ast-main-header-display":"","ast-hfb-above-header-display":"","ast-hfb-below-header-display":"","ast-hfb-mobile-header-display":"","site-post-title":"","ast-breadcrumbs-content":"","ast-featured-img":"","footer-sml-layout":"","theme-transparent-header-meta":"","adv-header-id-meta":"","stick-header-meta":"","header-above-stick-meta":"","header-main-stick-meta":"","header-below-stick-meta":"","ngg_post_thumbnail":0,"footnotes":""},"class_list":["post-49","page","type-page","status-publish","hentry"],"uagb_featured_image_src":{"full":false,"thumbnail":false,"medium":false,"medium_large":false,"large":false,"1536x1536":false,"2048x2048":false},"uagb_author_info":{"display_name":"oetsrm_admin","author_link":"https:\/\/srmadeira.oet.pt\/wordpress\/author\/oetsrm_admin\/"},"uagb_comment_info":0,"uagb_excerpt":"Acesso \u00e0 sede da OET Lado Este e Oeste da Rua da Carreira Vistas panor\u00e2micas On-Line da cidade do&nbsp;Funchal &#8211; Portal Netmadeira Outros Contatos &#8211; Sec\u00e7\u00f5es Regionais SEDE da OET (https:\/\/www.oet.pt\/portal\/)Conselho Diretivo NacionalPra\u00e7a D. Jo\u00e3o da C\u00e2mara, 191200-147 LisboaT: 21 325 63 27\/8F: 213 256 334e-mail: cdn@oet.pt Sec\u00e7\u00e3o Regional Norte https:\/\/srnorte.oet.ptRua Pereira Reis, 4294200-448 PortoT:&hellip;","_links":{"self":[{"href":"https:\/\/srmadeira.oet.pt\/wordpress\/wp-json\/wp\/v2\/pages\/49","targetHints":{"allow":["GET"]}}],"collection":[{"href":"https:\/\/srmadeira.oet.pt\/wordpress\/wp-json\/wp\/v2\/pages"}],"about":[{"href":"https:\/\/srmadeira.oet.pt\/wordpress\/wp-json\/wp\/v2\/types\/page"}],"author":[{"embeddable":true,"href":"https:\/\/srmadeira.oet.pt\/wordpress\/wp-json\/wp\/v2\/users\/1"}],"replies":[{"embeddable":true,"href":"https:\/\/srmadeira.oet.pt\/wordpress\/wp-json\/wp\/v2\/comments?post=49"}],"version-history":[{"count":46,"href":"https:\/\/srmadeira.oet.pt\/wordpress\/wp-json\/wp\/v2\/pages\/49\/revisions"}],"predecessor-version":[{"id":1479,"href":"https:\/\/srmadeira.oet.pt\/wordpress\/wp-json\/wp\/v2\/pages\/49\/revisions\/1479"}],"wp:attachment":[{"href":"https:\/\/srmadeira.oet.pt\/wordpress\/wp-json\/wp\/v2\/media?parent=49"}],"curies":[{"name":"wp","href":"https:\/\/api.w.org\/{rel}","templated":true}]}}